{"id":1013,"date":"2025-08-08T16:28:39","date_gmt":"2025-08-08T14:28:39","guid":{"rendered":"https:\/\/bieffegi-srl.it\/?page_id=1013"},"modified":"2025-08-08T17:05:21","modified_gmt":"2025-08-08T15:05:21","slug":"la-nostra-storia","status":"publish","type":"page","link":"https:\/\/bieffegi-srl.it\/?page_id=1013","title":{"rendered":"La nostra storia"},"content":{"rendered":"\n<div class=\"wp-block-cover alignfull\"><img loading=\"lazy\" decoding=\"async\" width=\"1024\" height=\"768\" class=\"wp-block-cover__image-background wp-image-598 size-large\" alt=\"\" src=\"https:\/\/bieffegi-srl.it\/wp-content\/uploads\/2023\/02\/Automotive-Transfer-and-pick-1024x768.jpg\" data-object-fit=\"cover\" srcset=\"https:\/\/bieffegi-srl.it\/wp-content\/uploads\/2023\/02\/Automotive-Transfer-and-pick-1024x768.jpg 1024w, https:\/\/bieffegi-srl.it\/wp-content\/uploads\/2023\/02\/Automotive-Transfer-and-pick-300x225.jpg 300w, https:\/\/bieffegi-srl.it\/wp-content\/uploads\/2023\/02\/Automotive-Transfer-and-pick-768x576.jpg 768w, https:\/\/bieffegi-srl.it\/wp-content\/uploads\/2023\/02\/Automotive-Transfer-and-pick-1536x1152.jpg 1536w, https:\/\/bieffegi-srl.it\/wp-content\/uploads\/2023\/02\/Automotive-Transfer-and-pick.jpg 2000w\" sizes=\"auto, (max-width: 1024px) 100vw, 1024px\" \/><span aria-hidden=\"true\" class=\"wp-block-cover__background has-background-dim-100 has-background-dim wp-block-cover__gradient-background has-background-gradient\" style=\"background:radial-gradient(rgb(0,0,0) 0%,rgba(0,0,0,0.19) 42%)\"><\/span><div class=\"wp-block-cover__inner-container has-global-padding is-layout-constrained wp-block-cover-is-layout-constrained\"><h1 class=\"wp-block-heading has-text-align-center has-neutral-950-color has-text-color has-link-color has-6-x-large-font-size wp-elements-21c6a5889d89798ff49359c8477037af\" id=\"la-nostra-storia\">La nostra storia<\/h1>\n<\/div><\/div>\n\n\n<h3 class=\"wp-block-heading\" id=\"gli-inizi\">Gli inizi<\/h3>\n\n\n\n<p>Nata dall&#8217;idea di tre uomini con il sogno di rivoluzionare il mondo dell&#8217;automazione industriale, BIEFFEGI si \u00e8 da subito distinta nell&#8217;ampio mercato dei costruttori di macchinari industriali.<\/p>\n\n\n\n<p>Sin dalle prime soffiatrici, l&#8217;innovazione \u00e8 sempre stata la marcia in pi\u00f9 dei prodotti della nostra azienda. Infatti, con lo sviluppo delle prime macchine MonoBlow, gi\u00e0 nel 2011 i clienti, colpiti dalla precisione tecnica e dalla qualit\u00e0 costruttiva, hanno cominciato a richiedere prestazioni pi\u00f9 alte.<\/p>\n\n\n<h3 class=\"wp-block-heading\" id=\"il-progetto-diblow\">Il progetto DiBlow<\/h3>\n\n\n\n<p>Nel 2013 arriva il pi\u00f9 grande progetto che l&#8217;ancora molto giovane BIEFFEGI avesse incontrato. Di fronte alla richiesta da parte di un cliente, i tre soci originali si sono messi subito all&#8217;opera per sviluppare quella che sarebbe diventata il fiore all&#8217;occhiello del parco macchine.<\/p>\n\n\n\n<p>Con la nascita della DiBlow, macchina soffiatrice rotante a doppio stampo singolo, BIEFFEGI si \u00e8 mostrata agli occhi degli acquirenti come un&#8217;azienda all&#8217;avanguardia, capace di innovare anche in un settore ben consolidato come quello del soffiaggio tecnico.<\/p>\n\n\n<h3 class=\"wp-block-heading\" id=\"lo-sviluppo-della-serigrafia\">Lo sviluppo della serigrafia<\/h3>\n\n\n\n<p>Parallelamente alla produzione delle macchine di soffiaggio, l&#8217;ufficio tecnico di BIEFFEGI cresceva, portando non solo nuove tecnologie ma veri e propri settori.<br>Da qui nasce la richiesta da parte di un cliente di sviluppare una piccola macchina serigrafica per lavorare flaconi, che fosse veloce da attrezzare facile da utilizzare.<\/p>\n\n\n\n<p>Da questa richiesta nasce un nuovo settore di interesse per l&#8217;azienda, che dal 2015 sviluppa e perfeziona la macchina SeriLin &#8211; Serigrafica Lineare, fino a portarla alla sua attuale terza iterazione.<\/p>\n\n\n<h3 class=\"wp-block-heading\" id=\"la-progettazione-dei-reach-stacker\">La progettazione dei reach stacker<\/h3>\n\n\n\n<p>Il nostro nome si faceva sempre pi\u00f9 grande a livello territoriale, noti soprattutto per la versatilit\u00e0 e l&#8217;ingegno con il quale troviamo soluzioni innovative alle problematiche dei nostri clienti.<\/p>\n\n\n\n<p>Questa piccola notoriet\u00e0 ha colto l&#8217;attenzione di diverse aziende, le quali hanno intrapreso con noi diverse collaborazioni di progettazione.<br>Tra di esse spicca CES S.r.l., la quale viene tuttora seguita per lo sviluppo di reach stacker e gru gommate dalle dimensioni eccezionalmente grandi, capaci di sollevare e trasportare fino 350 tonnellate di materiale (tutt&#8217;oggi un record ancora imbattuto).<\/p>\n\n\n\n<p>Grazie a questo l&#8217;ufficio tecnico \u00e8 riuscito a potenziarsi, sia come personale che come tecnologie, arrivando a sviluppare non solo meccaniche ma offrire servizi come prove di stress dei materiali, sviluppo di cinematiche e test di resistenza.<\/p>\n\n\n<h3 class=\"wp-block-heading\" id=\"dalla-meccanica-al-software\">Dalla meccanica al software<\/h3>\n\n\n\n<p>Con lo scoppio della pandemia e la successiva crisi dei componenti, si \u00e8 presentato per BIEFFEGI una dura sfida, che ha comportato dei riadattamenti necessari all&#8217;efficientamento della macchina aziendale.<\/p>\n\n\n\n<p>Una di queste \u00e8 stato spostarsi da uno sviluppo software esterno a uno interno. In questo modo il controllo maggiore di ogni parte dei progetti permette di semplificare e velocizzare il processo produttivo, garantendo un servizio migliore e riducendo i costi, sia per l&#8217;azienda, che per i clienti.<\/p>\n\n\n<h3 class=\"wp-block-heading\" id=\"linizio-di-una-nuova-era\">L&#8217;inizio di una nuova era<\/h3>\n\n\n\n<p><\/p>\n","protected":false},"excerpt":{"rendered":"<p>Gli inizi Nata dall&#8217;idea di tre uomini con il sogno di rivoluzionare il mondo dell&#8217;automazione industriale, BIEFFEGI si \u00e8 da subito distinta nell&#8217;ampio mercato dei costruttori di macchinari industriali. Sin dalle prime soffiatrici, l&#8217;innovazione \u00e8 sempre stata la marcia in pi\u00f9 dei prodotti della nostra azienda. Infatti, con lo sviluppo delle prime macchine MonoBlow, gi\u00e0 [&hellip;]<\/p>\n","protected":false},"author":2,"featured_media":0,"parent":0,"menu_order":0,"comment_status":"closed","ping_status":"closed","template":"page-no-title","meta":{"_themeisle_gutenberg_block_has_review":false,"footnotes":""},"class_list":["post-1013","page","type-page","status-publish","hentry"],"yoast_head":"<!-- This site is optimized with the Yoast SEO plugin v25.7 - https:\/\/yoast.com\/wordpress\/plugins\/seo\/ -->\n<title>La nostra storia - BIEFFEGI s.r.l.<\/title>\n<meta name=\"robots\" content=\"index, follow, max-snippet:-1, max-image-preview:large, max-video-preview:-1\" \/>\n<link rel=\"canonical\" href=\"https:\/\/bieffegi-srl.it\/?page_id=1013\" \/>\n<meta property=\"og:locale\" content=\"it_IT\" \/>\n<meta property=\"og:type\" content=\"article\" \/>\n<meta property=\"og:title\" content=\"La nostra storia - BIEFFEGI s.r.l.\" \/>\n<meta property=\"og:description\" content=\"Gli inizi Nata dall&#8217;idea di tre uomini con il sogno di rivoluzionare il mondo dell&#8217;automazione industriale, BIEFFEGI si \u00e8 da subito distinta nell&#8217;ampio mercato dei costruttori di macchinari industriali. Sin dalle prime soffiatrici, l&#8217;innovazione \u00e8 sempre stata la marcia in pi\u00f9 dei prodotti della nostra azienda. Infatti, con lo sviluppo delle prime macchine MonoBlow, gi\u00e0 [&hellip;]\" \/>\n<meta property=\"og:url\" content=\"https:\/\/bieffegi-srl.it\/?page_id=1013\" \/>\n<meta property=\"og:site_name\" content=\"BIEFFEGI s.r.l.\" \/>\n<meta property=\"article:modified_time\" content=\"2025-08-08T15:05:21+00:00\" \/>\n<meta property=\"og:image\" content=\"https:\/\/bieffegi-srl.it\/wp-content\/uploads\/2023\/02\/Automotive-Transfer-and-pick.jpg\" \/>\n\t<meta property=\"og:image:width\" content=\"2000\" \/>\n\t<meta property=\"og:image:height\" content=\"1500\" \/>\n\t<meta property=\"og:image:type\" content=\"image\/jpeg\" \/>\n<meta name=\"twitter:card\" content=\"summary_large_image\" \/>\n<meta name=\"twitter:label1\" content=\"Tempo di lettura stimato\" \/>\n\t<meta name=\"twitter:data1\" content=\"2 minuti\" \/>\n<script type=\"application\/ld+json\" class=\"yoast-schema-graph\">{\"@context\":\"https:\/\/schema.org\",\"@graph\":[{\"@type\":\"WebPage\",\"@id\":\"https:\/\/bieffegi-srl.it\/?page_id=1013\",\"url\":\"https:\/\/bieffegi-srl.it\/?page_id=1013\",\"name\":\"La nostra storia - BIEFFEGI s.r.l.\",\"isPartOf\":{\"@id\":\"https:\/\/bieffegi-srl.it\/#website\"},\"primaryImageOfPage\":{\"@id\":\"https:\/\/bieffegi-srl.it\/?page_id=1013#primaryimage\"},\"image\":{\"@id\":\"https:\/\/bieffegi-srl.it\/?page_id=1013#primaryimage\"},\"thumbnailUrl\":\"https:\/\/bieffegi-srl.it\/wp-content\/uploads\/2023\/02\/Automotive-Transfer-and-pick-1024x768.jpg\",\"datePublished\":\"2025-08-08T14:28:39+00:00\",\"dateModified\":\"2025-08-08T15:05:21+00:00\",\"breadcrumb\":{\"@id\":\"https:\/\/bieffegi-srl.it\/?page_id=1013#breadcrumb\"},\"inLanguage\":\"it-IT\",\"potentialAction\":[{\"@type\":\"ReadAction\",\"target\":[\"https:\/\/bieffegi-srl.it\/?page_id=1013\"]}]},{\"@type\":\"ImageObject\",\"inLanguage\":\"it-IT\",\"@id\":\"https:\/\/bieffegi-srl.it\/?page_id=1013#primaryimage\",\"url\":\"https:\/\/bieffegi-srl.it\/wp-content\/uploads\/2023\/02\/Automotive-Transfer-and-pick.jpg\",\"contentUrl\":\"https:\/\/bieffegi-srl.it\/wp-content\/uploads\/2023\/02\/Automotive-Transfer-and-pick.jpg\",\"width\":2000,\"height\":1500},{\"@type\":\"BreadcrumbList\",\"@id\":\"https:\/\/bieffegi-srl.it\/?page_id=1013#breadcrumb\",\"itemListElement\":[{\"@type\":\"ListItem\",\"position\":1,\"name\":\"Home\",\"item\":\"https:\/\/bieffegi-srl.it\/\"},{\"@type\":\"ListItem\",\"position\":2,\"name\":\"La nostra storia\"}]},{\"@type\":\"WebSite\",\"@id\":\"https:\/\/bieffegi-srl.it\/#website\",\"url\":\"https:\/\/bieffegi-srl.it\/\",\"name\":\"BIEFFEGI s.r.l.\",\"description\":\"Think, Draw, Build\",\"publisher\":{\"@id\":\"https:\/\/bieffegi-srl.it\/#organization\"},\"potentialAction\":[{\"@type\":\"SearchAction\",\"target\":{\"@type\":\"EntryPoint\",\"urlTemplate\":\"https:\/\/bieffegi-srl.it\/?s={search_term_string}\"},\"query-input\":{\"@type\":\"PropertyValueSpecification\",\"valueRequired\":true,\"valueName\":\"search_term_string\"}}],\"inLanguage\":\"it-IT\"},{\"@type\":\"Organization\",\"@id\":\"https:\/\/bieffegi-srl.it\/#organization\",\"name\":\"BIEFFEGI s.r.l.\",\"url\":\"https:\/\/bieffegi-srl.it\/\",\"logo\":{\"@type\":\"ImageObject\",\"inLanguage\":\"it-IT\",\"@id\":\"https:\/\/bieffegi-srl.it\/#\/schema\/logo\/image\/\",\"url\":\"https:\/\/bieffegi-srl.it\/wp-content\/uploads\/2024\/09\/Bieffegi-Logo-Chiaro-per-firma.png\",\"contentUrl\":\"https:\/\/bieffegi-srl.it\/wp-content\/uploads\/2024\/09\/Bieffegi-Logo-Chiaro-per-firma.png\",\"width\":760,\"height\":760,\"caption\":\"BIEFFEGI s.r.l.\"},\"image\":{\"@id\":\"https:\/\/bieffegi-srl.it\/#\/schema\/logo\/image\/\"}}]}<\/script>\n<!-- \/ Yoast SEO plugin. -->","yoast_head_json":{"title":"La nostra storia - BIEFFEGI s.r.l.","robots":{"index":"index","follow":"follow","max-snippet":"max-snippet:-1","max-image-preview":"max-image-preview:large","max-video-preview":"max-video-preview:-1"},"canonical":"https:\/\/bieffegi-srl.it\/?page_id=1013","og_locale":"it_IT","og_type":"article","og_title":"La nostra storia - BIEFFEGI s.r.l.","og_description":"Gli inizi Nata dall&#8217;idea di tre uomini con il sogno di rivoluzionare il mondo dell&#8217;automazione industriale, BIEFFEGI si \u00e8 da subito distinta nell&#8217;ampio mercato dei costruttori di macchinari industriali. Sin dalle prime soffiatrici, l&#8217;innovazione \u00e8 sempre stata la marcia in pi\u00f9 dei prodotti della nostra azienda. Infatti, con lo sviluppo delle prime macchine MonoBlow, gi\u00e0 [&hellip;]","og_url":"https:\/\/bieffegi-srl.it\/?page_id=1013","og_site_name":"BIEFFEGI s.r.l.","article_modified_time":"2025-08-08T15:05:21+00:00","og_image":[{"width":2000,"height":1500,"url":"https:\/\/bieffegi-srl.it\/wp-content\/uploads\/2023\/02\/Automotive-Transfer-and-pick.jpg","type":"image\/jpeg"}],"twitter_card":"summary_large_image","twitter_misc":{"Tempo di lettura stimato":"2 minuti"},"schema":{"@context":"https:\/\/schema.org","@graph":[{"@type":"WebPage","@id":"https:\/\/bieffegi-srl.it\/?page_id=1013","url":"https:\/\/bieffegi-srl.it\/?page_id=1013","name":"La nostra storia - BIEFFEGI s.r.l.","isPartOf":{"@id":"https:\/\/bieffegi-srl.it\/#website"},"primaryImageOfPage":{"@id":"https:\/\/bieffegi-srl.it\/?page_id=1013#primaryimage"},"image":{"@id":"https:\/\/bieffegi-srl.it\/?page_id=1013#primaryimage"},"thumbnailUrl":"https:\/\/bieffegi-srl.it\/wp-content\/uploads\/2023\/02\/Automotive-Transfer-and-pick-1024x768.jpg","datePublished":"2025-08-08T14:28:39+00:00","dateModified":"2025-08-08T15:05:21+00:00","breadcrumb":{"@id":"https:\/\/bieffegi-srl.it\/?page_id=1013#breadcrumb"},"inLanguage":"it-IT","potentialAction":[{"@type":"ReadAction","target":["https:\/\/bieffegi-srl.it\/?page_id=1013"]}]},{"@type":"ImageObject","inLanguage":"it-IT","@id":"https:\/\/bieffegi-srl.it\/?page_id=1013#primaryimage","url":"https:\/\/bieffegi-srl.it\/wp-content\/uploads\/2023\/02\/Automotive-Transfer-and-pick.jpg","contentUrl":"https:\/\/bieffegi-srl.it\/wp-content\/uploads\/2023\/02\/Automotive-Transfer-and-pick.jpg","width":2000,"height":1500},{"@type":"BreadcrumbList","@id":"https:\/\/bieffegi-srl.it\/?page_id=1013#breadcrumb","itemListElement":[{"@type":"ListItem","position":1,"name":"Home","item":"https:\/\/bieffegi-srl.it\/"},{"@type":"ListItem","position":2,"name":"La nostra storia"}]},{"@type":"WebSite","@id":"https:\/\/bieffegi-srl.it\/#website","url":"https:\/\/bieffegi-srl.it\/","name":"BIEFFEGI s.r.l.","description":"Think, Draw, Build","publisher":{"@id":"https:\/\/bieffegi-srl.it\/#organization"},"potentialAction":[{"@type":"SearchAction","target":{"@type":"EntryPoint","urlTemplate":"https:\/\/bieffegi-srl.it\/?s={search_term_string}"},"query-input":{"@type":"PropertyValueSpecification","valueRequired":true,"valueName":"search_term_string"}}],"inLanguage":"it-IT"},{"@type":"Organization","@id":"https:\/\/bieffegi-srl.it\/#organization","name":"BIEFFEGI s.r.l.","url":"https:\/\/bieffegi-srl.it\/","logo":{"@type":"ImageObject","inLanguage":"it-IT","@id":"https:\/\/bieffegi-srl.it\/#\/schema\/logo\/image\/","url":"https:\/\/bieffegi-srl.it\/wp-content\/uploads\/2024\/09\/Bieffegi-Logo-Chiaro-per-firma.png","contentUrl":"https:\/\/bieffegi-srl.it\/wp-content\/uploads\/2024\/09\/Bieffegi-Logo-Chiaro-per-firma.png","width":760,"height":760,"caption":"BIEFFEGI s.r.l."},"image":{"@id":"https:\/\/bieffegi-srl.it\/#\/schema\/logo\/image\/"}}]}},"_links":{"self":[{"href":"https:\/\/bieffegi-srl.it\/index.php?rest_route=\/wp\/v2\/pages\/1013","targetHints":{"allow":["GET"]}}],"collection":[{"href":"https:\/\/bieffegi-srl.it\/index.php?rest_route=\/wp\/v2\/pages"}],"about":[{"href":"https:\/\/bieffegi-srl.it\/index.php?rest_route=\/wp\/v2\/types\/page"}],"author":[{"embeddable":true,"href":"https:\/\/bieffegi-srl.it\/index.php?rest_route=\/wp\/v2\/users\/2"}],"replies":[{"embeddable":true,"href":"https:\/\/bieffegi-srl.it\/index.php?rest_route=%2Fwp%2Fv2%2Fcomments&post=1013"}],"version-history":[{"count":3,"href":"https:\/\/bieffegi-srl.it\/index.php?rest_route=\/wp\/v2\/pages\/1013\/revisions"}],"predecessor-version":[{"id":1029,"href":"https:\/\/bieffegi-srl.it\/index.php?rest_route=\/wp\/v2\/pages\/1013\/revisions\/1029"}],"wp:attachment":[{"href":"https:\/\/bieffegi-srl.it\/index.php?rest_route=%2Fwp%2Fv2%2Fmedia&parent=1013"}],"curies":[{"name":"wp","href":"https:\/\/api.w.org\/{rel}","templated":true}]}}