{"id":793,"date":"2025-08-04T10:48:09","date_gmt":"2025-08-04T08:48:09","guid":{"rendered":"https:\/\/bieffegi-srl.it\/?page_id=793"},"modified":"2025-08-12T14:48:03","modified_gmt":"2025-08-12T12:48:03","slug":"manutenzione","status":"publish","type":"page","link":"https:\/\/bieffegi-srl.it\/?page_id=793","title":{"rendered":"Pagina in manutenzione"},"content":{"rendered":"\n<div style=\"height:20px\" aria-hidden=\"true\" class=\"wp-block-spacer\"><\/div>\n\n\n\n<div class=\"wp-block-media-text alignwide is-stacked-on-mobile\" style=\"grid-template-columns:20% auto\"><figure class=\"wp-block-media-text__media\"><img loading=\"lazy\" decoding=\"async\" width=\"1025\" height=\"1025\" src=\"https:\/\/bieffegi-srl.it\/wp-content\/uploads\/2025\/08\/Logo-Lavori-in-corso.png\" alt=\"\" class=\"wp-image-797 size-full\" srcset=\"https:\/\/bieffegi-srl.it\/wp-content\/uploads\/2025\/08\/Logo-Lavori-in-corso.png 1025w, https:\/\/bieffegi-srl.it\/wp-content\/uploads\/2025\/08\/Logo-Lavori-in-corso-300x300.png 300w, https:\/\/bieffegi-srl.it\/wp-content\/uploads\/2025\/08\/Logo-Lavori-in-corso-150x150.png 150w, https:\/\/bieffegi-srl.it\/wp-content\/uploads\/2025\/08\/Logo-Lavori-in-corso-768x768.png 768w\" sizes=\"auto, (max-width: 1025px) 100vw, 1025px\" \/><\/figure><div class=\"wp-block-media-text__content\"><h2 class=\"wp-block-heading\" id=\"pagina-in-manutenzione\">Pagina in manutenzione<\/h2>\n\n\n\n<p>Stiamo lavorando attivamente per fornire un sito che sia bello, aggiornato e funzionale.<br>Purtroppo per fare ci\u00f2 \u00e8 necessario del tempo, pertanto questa pagina non \u00e8 al momento disponibile.<\/p>\n\n\n\n<p>Ci scusiamo per il disagio.<\/p>\n\n\n\n<p>Se non hai trovato quello che cerci, non esitare a contattarci.<\/p>\n\n\n\n<div class=\"wp-block-buttons is-layout-flex wp-block-buttons-is-layout-flex\">\n<div class=\"wp-block-button\"><a class=\"wp-block-button__link wp-element-button\" href=\"https:\/\/bieffegi-srl.it\/?page_id=9\">CONTATTACI<\/a><\/div>\n<\/div>\n<\/div><\/div>\n\n\n\n<div style=\"height:20px\" aria-hidden=\"true\" class=\"wp-block-spacer\"><\/div>\n","protected":false},"excerpt":{"rendered":"","protected":false},"author":3,"featured_media":797,"parent":0,"menu_order":0,"comment_status":"closed","ping_status":"closed","template":"page-no-title","meta":{"_themeisle_gutenberg_block_has_review":false,"footnotes":""},"class_list":["post-793","page","type-page","status-publish","has-post-thumbnail","hentry"],"yoast_head":"<!-- This site is optimized with the Yoast SEO plugin v25.7 - https:\/\/yoast.com\/wordpress\/plugins\/seo\/ -->\n<title>Pagina in manutenzione - BIEFFEGI s.r.l.<\/title>\n<meta name=\"robots\" content=\"index, follow, max-snippet:-1, max-image-preview:large, max-video-preview:-1\" \/>\n<link rel=\"canonical\" href=\"https:\/\/bieffegi-srl.it\/?page_id=793\" \/>\n<meta property=\"og:locale\" content=\"it_IT\" \/>\n<meta property=\"og:type\" content=\"article\" \/>\n<meta property=\"og:title\" content=\"Pagina in manutenzione - BIEFFEGI s.r.l.\" \/>\n<meta property=\"og:url\" content=\"https:\/\/bieffegi-srl.it\/?page_id=793\" \/>\n<meta property=\"og:site_name\" content=\"BIEFFEGI s.r.l.\" \/>\n<meta property=\"article:modified_time\" content=\"2025-08-12T12:48:03+00:00\" \/>\n<meta property=\"og:image\" content=\"https:\/\/bieffegi-srl.it\/wp-content\/uploads\/2025\/08\/Logo-Lavori-in-corso.png\" \/>\n\t<meta property=\"og:image:width\" content=\"1025\" \/>\n\t<meta property=\"og:image:height\" content=\"1025\" \/>\n\t<meta property=\"og:image:type\" content=\"image\/png\" \/>\n<meta name=\"twitter:card\" content=\"summary_large_image\" \/>\n<script type=\"application\/ld+json\" class=\"yoast-schema-graph\">{\"@context\":\"https:\/\/schema.org\",\"@graph\":[{\"@type\":\"WebPage\",\"@id\":\"https:\/\/bieffegi-srl.it\/?page_id=793\",\"url\":\"https:\/\/bieffegi-srl.it\/?page_id=793\",\"name\":\"Pagina in manutenzione - BIEFFEGI s.r.l.\",\"isPartOf\":{\"@id\":\"https:\/\/bieffegi-srl.it\/#website\"},\"primaryImageOfPage\":{\"@id\":\"https:\/\/bieffegi-srl.it\/?page_id=793#primaryimage\"},\"image\":{\"@id\":\"https:\/\/bieffegi-srl.it\/?page_id=793#primaryimage\"},\"thumbnailUrl\":\"https:\/\/bieffegi-srl.it\/wp-content\/uploads\/2025\/08\/Logo-Lavori-in-corso.png\",\"datePublished\":\"2025-08-04T08:48:09+00:00\",\"dateModified\":\"2025-08-12T12:48:03+00:00\",\"breadcrumb\":{\"@id\":\"https:\/\/bieffegi-srl.it\/?page_id=793#breadcrumb\"},\"inLanguage\":\"it-IT\",\"potentialAction\":[{\"@type\":\"ReadAction\",\"target\":[\"https:\/\/bieffegi-srl.it\/?page_id=793\"]}]},{\"@type\":\"ImageObject\",\"inLanguage\":\"it-IT\",\"@id\":\"https:\/\/bieffegi-srl.it\/?page_id=793#primaryimage\",\"url\":\"https:\/\/bieffegi-srl.it\/wp-content\/uploads\/2025\/08\/Logo-Lavori-in-corso.png\",\"contentUrl\":\"https:\/\/bieffegi-srl.it\/wp-content\/uploads\/2025\/08\/Logo-Lavori-in-corso.png\",\"width\":1025,\"height\":1025},{\"@type\":\"BreadcrumbList\",\"@id\":\"https:\/\/bieffegi-srl.it\/?page_id=793#breadcrumb\",\"itemListElement\":[{\"@type\":\"ListItem\",\"position\":1,\"name\":\"Home\",\"item\":\"https:\/\/bieffegi-srl.it\/\"},{\"@type\":\"ListItem\",\"position\":2,\"name\":\"Pagina in manutenzione\"}]},{\"@type\":\"WebSite\",\"@id\":\"https:\/\/bieffegi-srl.it\/#website\",\"url\":\"https:\/\/bieffegi-srl.it\/\",\"name\":\"BIEFFEGI s.r.l.\",\"description\":\"Think, Draw, Build\",\"publisher\":{\"@id\":\"https:\/\/bieffegi-srl.it\/#organization\"},\"potentialAction\":[{\"@type\":\"SearchAction\",\"target\":{\"@type\":\"EntryPoint\",\"urlTemplate\":\"https:\/\/bieffegi-srl.it\/?s={search_term_string}\"},\"query-input\":{\"@type\":\"PropertyValueSpecification\",\"valueRequired\":true,\"valueName\":\"search_term_string\"}}],\"inLanguage\":\"it-IT\"},{\"@type\":\"Organization\",\"@id\":\"https:\/\/bieffegi-srl.it\/#organization\",\"name\":\"BIEFFEGI s.r.l.\",\"url\":\"https:\/\/bieffegi-srl.it\/\",\"logo\":{\"@type\":\"ImageObject\",\"inLanguage\":\"it-IT\",\"@id\":\"https:\/\/bieffegi-srl.it\/#\/schema\/logo\/image\/\",\"url\":\"https:\/\/bieffegi-srl.it\/wp-content\/uploads\/2024\/09\/Bieffegi-Logo-Chiaro-per-firma.png\",\"contentUrl\":\"https:\/\/bieffegi-srl.it\/wp-content\/uploads\/2024\/09\/Bieffegi-Logo-Chiaro-per-firma.png\",\"width\":760,\"height\":760,\"caption\":\"BIEFFEGI s.r.l.\"},\"image\":{\"@id\":\"https:\/\/bieffegi-srl.it\/#\/schema\/logo\/image\/\"}}]}<\/script>\n<!-- \/ Yoast SEO plugin. -->","yoast_head_json":{"title":"Pagina in manutenzione - BIEFFEGI s.r.l.","robots":{"index":"index","follow":"follow","max-snippet":"max-snippet:-1","max-image-preview":"max-image-preview:large","max-video-preview":"max-video-preview:-1"},"canonical":"https:\/\/bieffegi-srl.it\/?page_id=793","og_locale":"it_IT","og_type":"article","og_title":"Pagina in manutenzione - BIEFFEGI s.r.l.","og_url":"https:\/\/bieffegi-srl.it\/?page_id=793","og_site_name":"BIEFFEGI s.r.l.","article_modified_time":"2025-08-12T12:48:03+00:00","og_image":[{"width":1025,"height":1025,"url":"https:\/\/bieffegi-srl.it\/wp-content\/uploads\/2025\/08\/Logo-Lavori-in-corso.png","type":"image\/png"}],"twitter_card":"summary_large_image","schema":{"@context":"https:\/\/schema.org","@graph":[{"@type":"WebPage","@id":"https:\/\/bieffegi-srl.it\/?page_id=793","url":"https:\/\/bieffegi-srl.it\/?page_id=793","name":"Pagina in manutenzione - BIEFFEGI s.r.l.","isPartOf":{"@id":"https:\/\/bieffegi-srl.it\/#website"},"primaryImageOfPage":{"@id":"https:\/\/bieffegi-srl.it\/?page_id=793#primaryimage"},"image":{"@id":"https:\/\/bieffegi-srl.it\/?page_id=793#primaryimage"},"thumbnailUrl":"https:\/\/bieffegi-srl.it\/wp-content\/uploads\/2025\/08\/Logo-Lavori-in-corso.png","datePublished":"2025-08-04T08:48:09+00:00","dateModified":"2025-08-12T12:48:03+00:00","breadcrumb":{"@id":"https:\/\/bieffegi-srl.it\/?page_id=793#breadcrumb"},"inLanguage":"it-IT","potentialAction":[{"@type":"ReadAction","target":["https:\/\/bieffegi-srl.it\/?page_id=793"]}]},{"@type":"ImageObject","inLanguage":"it-IT","@id":"https:\/\/bieffegi-srl.it\/?page_id=793#primaryimage","url":"https:\/\/bieffegi-srl.it\/wp-content\/uploads\/2025\/08\/Logo-Lavori-in-corso.png","contentUrl":"https:\/\/bieffegi-srl.it\/wp-content\/uploads\/2025\/08\/Logo-Lavori-in-corso.png","width":1025,"height":1025},{"@type":"BreadcrumbList","@id":"https:\/\/bieffegi-srl.it\/?page_id=793#breadcrumb","itemListElement":[{"@type":"ListItem","position":1,"name":"Home","item":"https:\/\/bieffegi-srl.it\/"},{"@type":"ListItem","position":2,"name":"Pagina in manutenzione"}]},{"@type":"WebSite","@id":"https:\/\/bieffegi-srl.it\/#website","url":"https:\/\/bieffegi-srl.it\/","name":"BIEFFEGI s.r.l.","description":"Think, Draw, Build","publisher":{"@id":"https:\/\/bieffegi-srl.it\/#organization"},"potentialAction":[{"@type":"SearchAction","target":{"@type":"EntryPoint","urlTemplate":"https:\/\/bieffegi-srl.it\/?s={search_term_string}"},"query-input":{"@type":"PropertyValueSpecification","valueRequired":true,"valueName":"search_term_string"}}],"inLanguage":"it-IT"},{"@type":"Organization","@id":"https:\/\/bieffegi-srl.it\/#organization","name":"BIEFFEGI s.r.l.","url":"https:\/\/bieffegi-srl.it\/","logo":{"@type":"ImageObject","inLanguage":"it-IT","@id":"https:\/\/bieffegi-srl.it\/#\/schema\/logo\/image\/","url":"https:\/\/bieffegi-srl.it\/wp-content\/uploads\/2024\/09\/Bieffegi-Logo-Chiaro-per-firma.png","contentUrl":"https:\/\/bieffegi-srl.it\/wp-content\/uploads\/2024\/09\/Bieffegi-Logo-Chiaro-per-firma.png","width":760,"height":760,"caption":"BIEFFEGI s.r.l."},"image":{"@id":"https:\/\/bieffegi-srl.it\/#\/schema\/logo\/image\/"}}]}},"_links":{"self":[{"href":"https:\/\/bieffegi-srl.it\/index.php?rest_route=\/wp\/v2\/pages\/793","targetHints":{"allow":["GET"]}}],"collection":[{"href":"https:\/\/bieffegi-srl.it\/index.php?rest_route=\/wp\/v2\/pages"}],"about":[{"href":"https:\/\/bieffegi-srl.it\/index.php?rest_route=\/wp\/v2\/types\/page"}],"author":[{"embeddable":true,"href":"https:\/\/bieffegi-srl.it\/index.php?rest_route=\/wp\/v2\/users\/3"}],"replies":[{"embeddable":true,"href":"https:\/\/bieffegi-srl.it\/index.php?rest_route=%2Fwp%2Fv2%2Fcomments&post=793"}],"version-history":[{"count":6,"href":"https:\/\/bieffegi-srl.it\/index.php?rest_route=\/wp\/v2\/pages\/793\/revisions"}],"predecessor-version":[{"id":1123,"href":"https:\/\/bieffegi-srl.it\/index.php?rest_route=\/wp\/v2\/pages\/793\/revisions\/1123"}],"wp:featuredmedia":[{"embeddable":true,"href":"https:\/\/bieffegi-srl.it\/index.php?rest_route=\/wp\/v2\/media\/797"}],"wp:attachment":[{"href":"https:\/\/bieffegi-srl.it\/index.php?rest_route=%2Fwp%2Fv2%2Fmedia&parent=793"}],"curies":[{"name":"wp","href":"https:\/\/api.w.org\/{rel}","templated":true}]}}