{"id":954,"date":"2025-08-08T12:15:07","date_gmt":"2025-08-08T10:15:07","guid":{"rendered":"https:\/\/bieffegi-srl.it\/?page_id=954"},"modified":"2025-08-12T15:03:03","modified_gmt":"2025-08-12T13:03:03","slug":"i-nostri-principi","status":"publish","type":"page","link":"https:\/\/bieffegi-srl.it\/?page_id=954","title":{"rendered":"I nostri principi"},"content":{"rendered":"\n<div class=\"wp-block-cover alignwide\" style=\"min-height:537px;aspect-ratio:unset;\"><img decoding=\"async\" class=\"wp-block-cover__image-background wp-image-809 size-full\" alt=\"\" src=\"https:\/\/bieffegi-srl.it\/wp-content\/uploads\/2025\/07\/Sfondo-Home-Macchine-scaled.jpg\" style=\"object-position:50% 80%\" data-object-fit=\"cover\" data-object-position=\"50% 80%\"\/><span aria-hidden=\"true\" class=\"wp-block-cover__background has-background-dim-100 has-background-dim wp-block-cover__gradient-background has-background-gradient\" style=\"background:radial-gradient(rgb(0,0,0) 14%,rgba(0,0,0,0) 43%)\"><\/span><div class=\"wp-block-cover__inner-container has-global-padding is-layout-constrained wp-block-cover-is-layout-constrained\"><h1 class=\"wp-block-heading has-text-align-center has-6-x-large-font-size\" id=\"i-nostri-principi\">I nostri princ&igrave;pi<\/h1>\n<\/div><\/div>\n\n\n\n<p>In un mondo in continua evoluzione, la forza di un\u2019azienda si misura nella capacit\u00e0 di innovare senza compromettere la qualit\u00e0. La nostra missione \u00e8 fornire soluzioni che anticipino le esigenze del mercato, mantenendo sempre elevati standard di eccellenza. Ogni progetto, prodotto e servizio nasce da un impegno costante verso il miglioramento, guidato da una visione chiara: unire creativit\u00e0, tecnologia e affidabilit\u00e0 per creare valore reale e duraturo.<\/p>\n\n\n\n<div class=\"wp-block-media-text alignwide is-stacked-on-mobile is-image-fill-element\" style=\"margin-top:var(--wp--preset--spacing--x-large);grid-template-columns:40% auto\"><figure class=\"wp-block-media-text__media\"><img loading=\"lazy\" decoding=\"async\" width=\"1024\" height=\"614\" src=\"https:\/\/bieffegi-srl.it\/wp-content\/uploads\/2023\/02\/cropped-Screen-Printing-Machine-BIEFFEGI-1024x614.jpeg\" alt=\"\" class=\"wp-image-497 size-full\" style=\"object-position:50% 50%\" srcset=\"https:\/\/bieffegi-srl.it\/wp-content\/uploads\/2023\/02\/cropped-Screen-Printing-Machine-BIEFFEGI-1024x614.jpeg 1024w, https:\/\/bieffegi-srl.it\/wp-content\/uploads\/2023\/02\/cropped-Screen-Printing-Machine-BIEFFEGI-300x180.jpeg 300w, https:\/\/bieffegi-srl.it\/wp-content\/uploads\/2023\/02\/cropped-Screen-Printing-Machine-BIEFFEGI-768x461.jpeg 768w, https:\/\/bieffegi-srl.it\/wp-content\/uploads\/2023\/02\/cropped-Screen-Printing-Machine-BIEFFEGI-1536x922.jpeg 1536w, https:\/\/bieffegi-srl.it\/wp-content\/uploads\/2023\/02\/cropped-Screen-Printing-Machine-BIEFFEGI.jpeg 2000w\" sizes=\"auto, (max-width: 1024px) 100vw, 1024px\" \/><\/figure><div class=\"wp-block-media-text__content\"><h3 class=\"wp-block-heading\" style=\"margin-top:0;margin-bottom:0\" id=\"innovazione-continua\">Innovazione continua<\/h3>\n\n\n\n<p>Crediamo che innovare non significhi soltanto introdurre nuove tecnologie, ma saperle integrare in soluzioni concrete e utili. Analizziamo i bisogni dei nostri clienti, esploriamo le tendenze emergenti e trasformiamo le idee in risultati concreti, mantenendo un approccio flessibile e proattivo.<\/p>\n<\/div><\/div>\n\n\n\n<div class=\"wp-block-media-text alignwide has-media-on-the-right is-stacked-on-mobile is-image-fill-element\" style=\"grid-template-columns:auto 40%\"><div class=\"wp-block-media-text__content\"><h3 class=\"wp-block-heading\" style=\"margin-top:0;margin-bottom:0\" id=\"qualita-senza-compromessi\">Qualit&agrave; senza compromessi<\/h3>\n\n\n\n<p>Ogni prodotto e servizio che offriamo \u00e8 il risultato di controlli rigorosi e processi ottimizzati. La qualit\u00e0 \u00e8 per noi un impegno verso i clienti, una garanzia di affidabilit\u00e0 e un segno distintivo che ci contraddistingue nel mercato.<\/p>\n<\/div><figure class=\"wp-block-media-text__media\"><img loading=\"lazy\" decoding=\"async\" width=\"1024\" height=\"614\" src=\"https:\/\/bieffegi-srl.it\/wp-content\/uploads\/2023\/02\/cropped-Screen-Printing-Machine-BIEFFEGI-1024x614.jpeg\" alt=\"\" class=\"wp-image-497 size-full\" style=\"object-position:50% 50%\" srcset=\"https:\/\/bieffegi-srl.it\/wp-content\/uploads\/2023\/02\/cropped-Screen-Printing-Machine-BIEFFEGI-1024x614.jpeg 1024w, https:\/\/bieffegi-srl.it\/wp-content\/uploads\/2023\/02\/cropped-Screen-Printing-Machine-BIEFFEGI-300x180.jpeg 300w, https:\/\/bieffegi-srl.it\/wp-content\/uploads\/2023\/02\/cropped-Screen-Printing-Machine-BIEFFEGI-768x461.jpeg 768w, https:\/\/bieffegi-srl.it\/wp-content\/uploads\/2023\/02\/cropped-Screen-Printing-Machine-BIEFFEGI-1536x922.jpeg 1536w, https:\/\/bieffegi-srl.it\/wp-content\/uploads\/2023\/02\/cropped-Screen-Printing-Machine-BIEFFEGI.jpeg 2000w\" sizes=\"auto, (max-width: 1024px) 100vw, 1024px\" \/><\/figure><\/div>\n\n\n\n<div class=\"wp-block-media-text alignwide is-stacked-on-mobile is-image-fill-element\" style=\"grid-template-columns:40% auto\"><figure class=\"wp-block-media-text__media\"><img loading=\"lazy\" decoding=\"async\" width=\"1024\" height=\"614\" src=\"https:\/\/bieffegi-srl.it\/wp-content\/uploads\/2023\/02\/cropped-Screen-Printing-Machine-BIEFFEGI-1024x614.jpeg\" alt=\"\" class=\"wp-image-497 size-full\" style=\"object-position:50% 50%\" srcset=\"https:\/\/bieffegi-srl.it\/wp-content\/uploads\/2023\/02\/cropped-Screen-Printing-Machine-BIEFFEGI-1024x614.jpeg 1024w, https:\/\/bieffegi-srl.it\/wp-content\/uploads\/2023\/02\/cropped-Screen-Printing-Machine-BIEFFEGI-300x180.jpeg 300w, https:\/\/bieffegi-srl.it\/wp-content\/uploads\/2023\/02\/cropped-Screen-Printing-Machine-BIEFFEGI-768x461.jpeg 768w, https:\/\/bieffegi-srl.it\/wp-content\/uploads\/2023\/02\/cropped-Screen-Printing-Machine-BIEFFEGI-1536x922.jpeg 1536w, https:\/\/bieffegi-srl.it\/wp-content\/uploads\/2023\/02\/cropped-Screen-Printing-Machine-BIEFFEGI.jpeg 2000w\" sizes=\"auto, (max-width: 1024px) 100vw, 1024px\" \/><\/figure><div class=\"wp-block-media-text__content\"><h3 class=\"wp-block-heading\" style=\"margin-top:0;margin-bottom:0\" id=\"collaborazione-e-condivisione\">Collaborazione e condivisione<\/h3>\n\n\n\n<p>Riconosciamo il valore del lavoro di squadra e della condivisione delle conoscenze. Internamente, promuoviamo un ambiente in cui le competenze individuali si fondono in un sapere collettivo; esternamente, costruiamo partnership solide e trasparenti.<\/p>\n<\/div><\/div>\n\n\n\n<div class=\"wp-block-media-text alignwide has-media-on-the-right is-stacked-on-mobile is-image-fill-element\" style=\"grid-template-columns:auto 40%\"><div class=\"wp-block-media-text__content\"><h3 class=\"wp-block-heading\" style=\"margin-top:0;margin-bottom:0\" id=\"sostenibilita-e-responsabilita\">Sostenibilit&agrave; e responsabilit&agrave;<\/h3>\n\n\n\n<p>L\u2019innovazione e la qualit\u00e0 devono andare di pari passo con la responsabilit\u00e0 sociale e ambientale. Scegliamo processi e materiali a basso impatto, investendo in tecnologie che riducano l\u2019impronta ecologica e migliorino la vita delle persone.<\/p>\n<\/div><figure class=\"wp-block-media-text__media\"><img loading=\"lazy\" decoding=\"async\" width=\"1024\" height=\"614\" src=\"https:\/\/bieffegi-srl.it\/wp-content\/uploads\/2023\/02\/cropped-Screen-Printing-Machine-BIEFFEGI-1024x614.jpeg\" alt=\"\" class=\"wp-image-497 size-full\" style=\"object-position:50% 50%\" srcset=\"https:\/\/bieffegi-srl.it\/wp-content\/uploads\/2023\/02\/cropped-Screen-Printing-Machine-BIEFFEGI-1024x614.jpeg 1024w, https:\/\/bieffegi-srl.it\/wp-content\/uploads\/2023\/02\/cropped-Screen-Printing-Machine-BIEFFEGI-300x180.jpeg 300w, https:\/\/bieffegi-srl.it\/wp-content\/uploads\/2023\/02\/cropped-Screen-Printing-Machine-BIEFFEGI-768x461.jpeg 768w, https:\/\/bieffegi-srl.it\/wp-content\/uploads\/2023\/02\/cropped-Screen-Printing-Machine-BIEFFEGI-1536x922.jpeg 1536w, https:\/\/bieffegi-srl.it\/wp-content\/uploads\/2023\/02\/cropped-Screen-Printing-Machine-BIEFFEGI.jpeg 2000w\" sizes=\"auto, (max-width: 1024px) 100vw, 1024px\" \/><\/figure><\/div>\n\n\n\n<div class=\"wp-block-media-text alignwide is-stacked-on-mobile is-image-fill-element\" style=\"grid-template-columns:40% auto\"><figure class=\"wp-block-media-text__media\"><img loading=\"lazy\" decoding=\"async\" width=\"1024\" height=\"614\" src=\"https:\/\/bieffegi-srl.it\/wp-content\/uploads\/2023\/02\/cropped-Screen-Printing-Machine-BIEFFEGI-1024x614.jpeg\" alt=\"\" class=\"wp-image-497 size-full\" style=\"object-position:50% 50%\" srcset=\"https:\/\/bieffegi-srl.it\/wp-content\/uploads\/2023\/02\/cropped-Screen-Printing-Machine-BIEFFEGI-1024x614.jpeg 1024w, https:\/\/bieffegi-srl.it\/wp-content\/uploads\/2023\/02\/cropped-Screen-Printing-Machine-BIEFFEGI-300x180.jpeg 300w, https:\/\/bieffegi-srl.it\/wp-content\/uploads\/2023\/02\/cropped-Screen-Printing-Machine-BIEFFEGI-768x461.jpeg 768w, https:\/\/bieffegi-srl.it\/wp-content\/uploads\/2023\/02\/cropped-Screen-Printing-Machine-BIEFFEGI-1536x922.jpeg 1536w, https:\/\/bieffegi-srl.it\/wp-content\/uploads\/2023\/02\/cropped-Screen-Printing-Machine-BIEFFEGI.jpeg 2000w\" sizes=\"auto, (max-width: 1024px) 100vw, 1024px\" \/><\/figure><div class=\"wp-block-media-text__content\"><h3 class=\"wp-block-heading\" style=\"margin-top:0;margin-bottom:0\" id=\"orientamento-al-cliente\">Orientamento al cliente<\/h3>\n\n\n\n<p>Ogni decisione, dalla progettazione al post-vendita, \u00e8 presa con il cliente al centro. Ascoltiamo, comprendiamo e rispondiamo alle esigenze in modo personalizzato, costruendo rapporti di fiducia che durano nel tempo.<\/p>\n<\/div><\/div>\n\n\n\n<div style=\"height:30px\" aria-hidden=\"true\" class=\"wp-block-spacer\"><\/div>\n","protected":false},"excerpt":{"rendered":"<p>In un mondo in continua evoluzione, la forza di un\u2019azienda si misura nella capacit\u00e0 di innovare senza compromettere la qualit\u00e0. La nostra missione \u00e8 fornire soluzioni che anticipino le esigenze del mercato, mantenendo sempre elevati standard di eccellenza. Ogni progetto, prodotto e servizio nasce da un impegno costante verso il miglioramento, guidato da una visione [&hellip;]<\/p>\n","protected":false},"author":2,"featured_media":0,"parent":0,"menu_order":0,"comment_status":"closed","ping_status":"closed","template":"page-no-title","meta":{"_themeisle_gutenberg_block_has_review":false,"footnotes":""},"class_list":["post-954","page","type-page","status-publish","hentry"],"yoast_head":"<!-- This site is optimized with the Yoast SEO plugin v25.7 - https:\/\/yoast.com\/wordpress\/plugins\/seo\/ -->\n<title>I nostri principi - BIEFFEGI s.r.l.<\/title>\n<meta name=\"robots\" content=\"index, follow, max-snippet:-1, max-image-preview:large, max-video-preview:-1\" \/>\n<link rel=\"canonical\" href=\"https:\/\/bieffegi-srl.it\/?page_id=954\" \/>\n<meta property=\"og:locale\" content=\"it_IT\" \/>\n<meta property=\"og:type\" content=\"article\" \/>\n<meta property=\"og:title\" content=\"I nostri principi - BIEFFEGI s.r.l.\" \/>\n<meta property=\"og:description\" content=\"In un mondo in continua evoluzione, la forza di un\u2019azienda si misura nella capacit\u00e0 di innovare senza compromettere la qualit\u00e0. La nostra missione \u00e8 fornire soluzioni che anticipino le esigenze del mercato, mantenendo sempre elevati standard di eccellenza. Ogni progetto, prodotto e servizio nasce da un impegno costante verso il miglioramento, guidato da una visione [&hellip;]\" \/>\n<meta property=\"og:url\" content=\"https:\/\/bieffegi-srl.it\/?page_id=954\" \/>\n<meta property=\"og:site_name\" content=\"BIEFFEGI s.r.l.\" \/>\n<meta property=\"article:modified_time\" content=\"2025-08-12T13:03:03+00:00\" \/>\n<meta property=\"og:image\" content=\"https:\/\/bieffegi-srl.it\/wp-content\/uploads\/2025\/07\/Sfondo-Home-Macchine-scaled-e1755500642533.jpg\" \/>\n\t<meta property=\"og:image:width\" content=\"2560\" \/>\n\t<meta property=\"og:image:height\" content=\"1080\" \/>\n\t<meta property=\"og:image:type\" content=\"image\/jpeg\" \/>\n<meta name=\"twitter:card\" content=\"summary_large_image\" \/>\n<meta name=\"twitter:label1\" content=\"Tempo di lettura stimato\" \/>\n\t<meta name=\"twitter:data1\" content=\"1 minuto\" \/>\n<script type=\"application\/ld+json\" class=\"yoast-schema-graph\">{\"@context\":\"https:\/\/schema.org\",\"@graph\":[{\"@type\":\"WebPage\",\"@id\":\"https:\/\/bieffegi-srl.it\/?page_id=954\",\"url\":\"https:\/\/bieffegi-srl.it\/?page_id=954\",\"name\":\"I nostri principi - BIEFFEGI s.r.l.\",\"isPartOf\":{\"@id\":\"https:\/\/bieffegi-srl.it\/#website\"},\"primaryImageOfPage\":{\"@id\":\"https:\/\/bieffegi-srl.it\/?page_id=954#primaryimage\"},\"image\":{\"@id\":\"https:\/\/bieffegi-srl.it\/?page_id=954#primaryimage\"},\"thumbnailUrl\":\"https:\/\/bieffegi-srl.it\/wp-content\/uploads\/2025\/07\/Sfondo-Home-Macchine-scaled.jpg\",\"datePublished\":\"2025-08-08T10:15:07+00:00\",\"dateModified\":\"2025-08-12T13:03:03+00:00\",\"breadcrumb\":{\"@id\":\"https:\/\/bieffegi-srl.it\/?page_id=954#breadcrumb\"},\"inLanguage\":\"it-IT\",\"potentialAction\":[{\"@type\":\"ReadAction\",\"target\":[\"https:\/\/bieffegi-srl.it\/?page_id=954\"]}]},{\"@type\":\"ImageObject\",\"inLanguage\":\"it-IT\",\"@id\":\"https:\/\/bieffegi-srl.it\/?page_id=954#primaryimage\",\"url\":\"https:\/\/bieffegi-srl.it\/wp-content\/uploads\/2025\/07\/Sfondo-Home-Macchine-scaled-e1755500642533.jpg\",\"contentUrl\":\"https:\/\/bieffegi-srl.it\/wp-content\/uploads\/2025\/07\/Sfondo-Home-Macchine-scaled-e1755500642533.jpg\",\"width\":2560,\"height\":1080},{\"@type\":\"BreadcrumbList\",\"@id\":\"https:\/\/bieffegi-srl.it\/?page_id=954#breadcrumb\",\"itemListElement\":[{\"@type\":\"ListItem\",\"position\":1,\"name\":\"Home\",\"item\":\"https:\/\/bieffegi-srl.it\/\"},{\"@type\":\"ListItem\",\"position\":2,\"name\":\"I nostri principi\"}]},{\"@type\":\"WebSite\",\"@id\":\"https:\/\/bieffegi-srl.it\/#website\",\"url\":\"https:\/\/bieffegi-srl.it\/\",\"name\":\"BIEFFEGI s.r.l.\",\"description\":\"Think, Draw, Build\",\"publisher\":{\"@id\":\"https:\/\/bieffegi-srl.it\/#organization\"},\"potentialAction\":[{\"@type\":\"SearchAction\",\"target\":{\"@type\":\"EntryPoint\",\"urlTemplate\":\"https:\/\/bieffegi-srl.it\/?s={search_term_string}\"},\"query-input\":{\"@type\":\"PropertyValueSpecification\",\"valueRequired\":true,\"valueName\":\"search_term_string\"}}],\"inLanguage\":\"it-IT\"},{\"@type\":\"Organization\",\"@id\":\"https:\/\/bieffegi-srl.it\/#organization\",\"name\":\"BIEFFEGI s.r.l.\",\"url\":\"https:\/\/bieffegi-srl.it\/\",\"logo\":{\"@type\":\"ImageObject\",\"inLanguage\":\"it-IT\",\"@id\":\"https:\/\/bieffegi-srl.it\/#\/schema\/logo\/image\/\",\"url\":\"https:\/\/bieffegi-srl.it\/wp-content\/uploads\/2024\/09\/Bieffegi-Logo-Chiaro-per-firma.png\",\"contentUrl\":\"https:\/\/bieffegi-srl.it\/wp-content\/uploads\/2024\/09\/Bieffegi-Logo-Chiaro-per-firma.png\",\"width\":760,\"height\":760,\"caption\":\"BIEFFEGI s.r.l.\"},\"image\":{\"@id\":\"https:\/\/bieffegi-srl.it\/#\/schema\/logo\/image\/\"}}]}<\/script>\n<!-- \/ Yoast SEO plugin. -->","yoast_head_json":{"title":"I nostri principi - BIEFFEGI s.r.l.","robots":{"index":"index","follow":"follow","max-snippet":"max-snippet:-1","max-image-preview":"max-image-preview:large","max-video-preview":"max-video-preview:-1"},"canonical":"https:\/\/bieffegi-srl.it\/?page_id=954","og_locale":"it_IT","og_type":"article","og_title":"I nostri principi - BIEFFEGI s.r.l.","og_description":"In un mondo in continua evoluzione, la forza di un\u2019azienda si misura nella capacit\u00e0 di innovare senza compromettere la qualit\u00e0. La nostra missione \u00e8 fornire soluzioni che anticipino le esigenze del mercato, mantenendo sempre elevati standard di eccellenza. Ogni progetto, prodotto e servizio nasce da un impegno costante verso il miglioramento, guidato da una visione [&hellip;]","og_url":"https:\/\/bieffegi-srl.it\/?page_id=954","og_site_name":"BIEFFEGI s.r.l.","article_modified_time":"2025-08-12T13:03:03+00:00","og_image":[{"width":2560,"height":1080,"url":"https:\/\/bieffegi-srl.it\/wp-content\/uploads\/2025\/07\/Sfondo-Home-Macchine-scaled-e1755500642533.jpg","type":"image\/jpeg"}],"twitter_card":"summary_large_image","twitter_misc":{"Tempo di lettura stimato":"1 minuto"},"schema":{"@context":"https:\/\/schema.org","@graph":[{"@type":"WebPage","@id":"https:\/\/bieffegi-srl.it\/?page_id=954","url":"https:\/\/bieffegi-srl.it\/?page_id=954","name":"I nostri principi - BIEFFEGI s.r.l.","isPartOf":{"@id":"https:\/\/bieffegi-srl.it\/#website"},"primaryImageOfPage":{"@id":"https:\/\/bieffegi-srl.it\/?page_id=954#primaryimage"},"image":{"@id":"https:\/\/bieffegi-srl.it\/?page_id=954#primaryimage"},"thumbnailUrl":"https:\/\/bieffegi-srl.it\/wp-content\/uploads\/2025\/07\/Sfondo-Home-Macchine-scaled.jpg","datePublished":"2025-08-08T10:15:07+00:00","dateModified":"2025-08-12T13:03:03+00:00","breadcrumb":{"@id":"https:\/\/bieffegi-srl.it\/?page_id=954#breadcrumb"},"inLanguage":"it-IT","potentialAction":[{"@type":"ReadAction","target":["https:\/\/bieffegi-srl.it\/?page_id=954"]}]},{"@type":"ImageObject","inLanguage":"it-IT","@id":"https:\/\/bieffegi-srl.it\/?page_id=954#primaryimage","url":"https:\/\/bieffegi-srl.it\/wp-content\/uploads\/2025\/07\/Sfondo-Home-Macchine-scaled-e1755500642533.jpg","contentUrl":"https:\/\/bieffegi-srl.it\/wp-content\/uploads\/2025\/07\/Sfondo-Home-Macchine-scaled-e1755500642533.jpg","width":2560,"height":1080},{"@type":"BreadcrumbList","@id":"https:\/\/bieffegi-srl.it\/?page_id=954#breadcrumb","itemListElement":[{"@type":"ListItem","position":1,"name":"Home","item":"https:\/\/bieffegi-srl.it\/"},{"@type":"ListItem","position":2,"name":"I nostri principi"}]},{"@type":"WebSite","@id":"https:\/\/bieffegi-srl.it\/#website","url":"https:\/\/bieffegi-srl.it\/","name":"BIEFFEGI s.r.l.","description":"Think, Draw, Build","publisher":{"@id":"https:\/\/bieffegi-srl.it\/#organization"},"potentialAction":[{"@type":"SearchAction","target":{"@type":"EntryPoint","urlTemplate":"https:\/\/bieffegi-srl.it\/?s={search_term_string}"},"query-input":{"@type":"PropertyValueSpecification","valueRequired":true,"valueName":"search_term_string"}}],"inLanguage":"it-IT"},{"@type":"Organization","@id":"https:\/\/bieffegi-srl.it\/#organization","name":"BIEFFEGI s.r.l.","url":"https:\/\/bieffegi-srl.it\/","logo":{"@type":"ImageObject","inLanguage":"it-IT","@id":"https:\/\/bieffegi-srl.it\/#\/schema\/logo\/image\/","url":"https:\/\/bieffegi-srl.it\/wp-content\/uploads\/2024\/09\/Bieffegi-Logo-Chiaro-per-firma.png","contentUrl":"https:\/\/bieffegi-srl.it\/wp-content\/uploads\/2024\/09\/Bieffegi-Logo-Chiaro-per-firma.png","width":760,"height":760,"caption":"BIEFFEGI s.r.l."},"image":{"@id":"https:\/\/bieffegi-srl.it\/#\/schema\/logo\/image\/"}}]}},"_links":{"self":[{"href":"https:\/\/bieffegi-srl.it\/index.php?rest_route=\/wp\/v2\/pages\/954","targetHints":{"allow":["GET"]}}],"collection":[{"href":"https:\/\/bieffegi-srl.it\/index.php?rest_route=\/wp\/v2\/pages"}],"about":[{"href":"https:\/\/bieffegi-srl.it\/index.php?rest_route=\/wp\/v2\/types\/page"}],"author":[{"embeddable":true,"href":"https:\/\/bieffegi-srl.it\/index.php?rest_route=\/wp\/v2\/users\/2"}],"replies":[{"embeddable":true,"href":"https:\/\/bieffegi-srl.it\/index.php?rest_route=%2Fwp%2Fv2%2Fcomments&post=954"}],"version-history":[{"count":5,"href":"https:\/\/bieffegi-srl.it\/index.php?rest_route=\/wp\/v2\/pages\/954\/revisions"}],"predecessor-version":[{"id":1126,"href":"https:\/\/bieffegi-srl.it\/index.php?rest_route=\/wp\/v2\/pages\/954\/revisions\/1126"}],"wp:attachment":[{"href":"https:\/\/bieffegi-srl.it\/index.php?rest_route=%2Fwp%2Fv2%2Fmedia&parent=954"}],"curies":[{"name":"wp","href":"https:\/\/api.w.org\/{rel}","templated":true}]}}